{"id":1182,"date":"2025-03-04T09:53:04","date_gmt":"2025-03-04T08:53:04","guid":{"rendered":"https:\/\/golfdegascogne.nl\/kontakt\/"},"modified":"2026-01-13T12:00:34","modified_gmt":"2026-01-13T11:00:34","slug":"kontakt","status":"publish","type":"page","link":"https:\/\/golfdegascogne.nl\/de\/kontakt\/","title":{"rendered":"Kontakt"},"content":{"rendered":"<p>[et_pb_section fb_built=&#8220;1&#8243; custom_padding_last_edited=&#8220;off|desktop&#8220; admin_label=&#8220;section&#8220; _builder_version=&#8220;4.27.4&#8243; background_color=&#8220;#000000&#8243; use_background_color_gradient=&#8220;on&#8220; background_color_gradient_stops=&#8220;#2b87da 0%|rgba(42, 159, 198, 1) 23%|#29c4a9 100%&#8220; background_image=&#8220;https:\/\/golfdegascogne.nl\/wp-content\/uploads\/2026\/01\/MASSEUBE-UNIQ-drone00002-scaled.jpg&#8220; height=&#8220;500px&#8220; height_tablet=&#8220;450px&#8220; height_phone=&#8220;375px&#8220; height_last_edited=&#8220;on|phone&#8220; custom_margin=&#8220;||||false|false&#8220; custom_padding=&#8220;||||false|false&#8220; custom_padding_tablet=&#8220;||150px||false|false&#8220; custom_padding_phone=&#8220;280px||50px||false|false&#8220; hover_enabled=&#8220;0&#8243; background_last_edited=&#8220;on|phone&#8220; background_color_gradient_direction_tablet=&#8220;360deg&#8220; global_colors_info=&#8220;{}&#8220; background_color_gradient_direction=&#8220;90deg&#8220; title_text=&#8220;DCIM100MEDIADJI_0236.JPG&#8220; sticky_enabled=&#8220;0&#8243;][\/et_pb_section][et_pb_section fb_built=&#8220;1&#8243; custom_padding_last_edited=&#8220;on|phone&#8220; _builder_version=&#8220;4.27.4&#8243; _module_preset=&#8220;default&#8220; background_color=&#8220;#F5EFE3&#8243; custom_padding=&#8220;100px||100px||false|false&#8220; custom_padding_tablet=&#8220;100px||100px||false|false&#8220; custom_padding_phone=&#8220;60px||60px||false|false&#8220; locked=&#8220;off&#8220; global_colors_info=&#8220;{}&#8220;][et_pb_row column_structure=&#8220;1_2,1_2&#8243; _builder_version=&#8220;4.27.4&#8243; _module_preset=&#8220;default&#8220; global_colors_info=&#8220;{}&#8220;][et_pb_column type=&#8220;1_2&#8243; _builder_version=&#8220;4.27.4&#8243; _module_preset=&#8220;default&#8220; global_colors_info=&#8220;{}&#8220;][et_pb_text _builder_version=&#8220;4.27.4&#8243; _module_preset=&#8220;default&#8220; header_2_text_color=&#8220;#B8862F&#8220; header_2_font_size=&#8220;70px&#8220; header_2_font_size_tablet=&#8220;70px&#8220; header_2_font_size_phone=&#8220;40px&#8220; header_2_font_size_last_edited=&#8220;on|phone&#8220; global_colors_info=&#8220;{}&#8220;]<\/p>\n<h2>Kontakt?<\/h2>\n<p>[\/et_pb_text][et_pb_text _builder_version=&#8220;4.27.4&#8243; _module_preset=&#8220;default&#8220; max_width=&#8220;514px&#8220; max_width_tablet=&#8220;625px&#8220; max_width_phone=&#8220;625px&#8220; max_width_last_edited=&#8220;on|desktop&#8220; global_colors_info=&#8220;{}&#8220;]<\/p>\n<p>Sind Sie interessiert oder haben Sie eine Frage zu einer Villa? Kontaktieren Sie uns und wir werden Ihnen so schnell wie m\u00f6glich helfen. Rufen Sie uns an oder schicken Sie uns eine Whatsapp!  <\/p>\n<p>[\/et_pb_text][et_pb_blurb image=&#8220;https:\/\/golfdegascogne.nl\/wp-content\/uploads\/2025\/03\/telefoon.svg&#8220; alt=&#8220;Telefon&#8220; icon_placement=&#8220;left&#8220; image_icon_width=&#8220;34px&#8220; content_max_width=&#8220;100%&#8220; _builder_version=&#8220;4.27.4&#8243; _module_preset=&#8220;default&#8220; body_link_text_color=&#8220;#0F0F0F&#8220; image_icon_custom_margin=&#8220;|20px|||false|false&#8220; custom_margin=&#8220;||23px||false|false&#8220; locked=&#8220;off&#8220; global_colors_info=&#8220;{}&#8220;]<\/p>\n<p><a href=\"tel:0031629453181\">+31 (0)6 2945 3181<\/a><\/p>\n<p>[\/et_pb_blurb][et_pb_blurb image=&#8220;https:\/\/golfdegascogne.nl\/wp-content\/uploads\/2025\/03\/telefoon.svg&#8220; alt=&#8220;Telefon&#8220; icon_placement=&#8220;left&#8220; image_icon_width=&#8220;34px&#8220; content_max_width=&#8220;100%&#8220; _builder_version=&#8220;4.27.4&#8243; _module_preset=&#8220;default&#8220; body_link_text_color=&#8220;#0F0F0F&#8220; image_icon_custom_margin=&#8220;|20px|||false|false&#8220; custom_margin=&#8220;||23px||false|false&#8220; locked=&#8220;off&#8220; global_colors_info=&#8220;{}&#8220;]<\/p>\n<p><a href=\"tel:0033680004666\">+33 (0)6 8000 4666  <\/a><\/p>\n<p>[\/et_pb_blurb][\/et_pb_column][et_pb_column type=&#8220;1_2&#8243; _builder_version=&#8220;4.27.4&#8243; _module_preset=&#8220;default&#8220; global_colors_info=&#8220;{}&#8220;][et_pb_code _builder_version=&#8220;4.27.4&#8243; _module_preset=&#8220;default&#8220; global_colors_info=&#8220;{}&#8220;]<link rel='stylesheet' id='formidable-css' href='https:\/\/golfdegascogne.nl\/wp-content\/plugins\/formidable\/css\/formidableforms.css?ver=326351' type='text\/css' media='all' \/>\n<div class=\"frm_forms  with_frm_style frm_style_golf-de-gascogne\" id=\"frm_form_2_container\" data-token=\"f89635da3e9754678ac684e6f9df8a25\">\n<form enctype=\"multipart\/form-data\" method=\"post\" class=\"frm-show-form  frm_ajax_submit  frm_pro_form \" id=\"form_contactformulier\" data-token=\"f89635da3e9754678ac684e6f9df8a25\">\n<div class=\"frm_form_fields \">\n<fieldset>\n<legend class=\"frm_screen_reader\">Kontakt-Formular<\/legend>\r\n\r\n<div class=\"frm_fields_container\">\n<input type=\"hidden\" name=\"frm_action\" value=\"create\" \/>\n<input type=\"hidden\" name=\"form_id\" value=\"2\" \/>\n<input type=\"hidden\" name=\"frm_hide_fields_2\" id=\"frm_hide_fields_2\" value=\"\" \/>\n<input type=\"hidden\" name=\"form_key\" value=\"contactformulier\" \/>\n<input type=\"hidden\" name=\"item_meta[0]\" value=\"\" \/>\n<input type=\"hidden\" id=\"frm_submit_entry_2\" name=\"frm_submit_entry_2\" value=\"ff11609d8d\" \/><input type=\"hidden\" name=\"_wp_http_referer\" value=\"\/de\/wp-json\/wp\/v2\/pages\/1182\" \/>\t\t<input  type=\"hidden\" name=\"item_meta[66]\" id=\"field_6x8zt\" value=\"de\"  data-frmval=\"de\"   \/>\n\t\t<div id=\"frm_field_8_container\" class=\"frm_form_field form-field  frm_required_field frm_top_container\">\r\n\t<label for=\"field_70pil\" id=\"field_70pil_label\" class=\"frm_primary_label\">Wie ist Ihr Name?  \r\n\t\t<span class=\"frm_required\" aria-hidden=\"true\">*<\/span>\r\n\t<\/label>\r\n\t<input  type=\"text\" id=\"field_70pil\" name=\"item_meta[8]\" value=\"\"  placeholder=\"Geben Sie hier Ihren Namen ein\" data-reqmsg=\"Wie ist Ihr Name?    kann nicht leer sein.\" aria-required=\"true\" data-invmsg=\"Wie ist Ihr Name?    ist ung\u00fcltig\" aria-invalid=\"false\"   \/>\r\n\t\r\n\t\r\n<\/div>\n<div id=\"frm_field_10_container\" class=\"frm_form_field form-field  frm_required_field frm_top_container\">\r\n\t<label for=\"field_v2lvo\" id=\"field_v2lvo_label\" class=\"frm_primary_label\">E-Mail\r\n\t\t<span class=\"frm_required\" aria-hidden=\"true\">*<\/span>\r\n\t<\/label>\r\n\t<input  type=\"text\" id=\"field_v2lvo\" name=\"item_meta[10]\" value=\"\"  placeholder=\"beispiel@mail.de\" data-reqmsg=\"E-Mail  kann nicht leer sein.\" aria-required=\"true\" data-invmsg=\"E-Mail  ist ung\u00fcltig\" aria-invalid=\"false\"   \/>\r\n\t\r\n\t\r\n<\/div>\n<div id=\"frm_field_9_container\" class=\"frm_form_field form-field  frm_required_field frm_top_container\">\r\n\t<label for=\"field_u40w3\" id=\"field_u40w3_label\" class=\"frm_primary_label\">Rufnummer\r\n\t\t<span class=\"frm_required\" aria-hidden=\"true\">*<\/span>\r\n\t<\/label>\r\n\t<input  type=\"text\" id=\"field_u40w3\" name=\"item_meta[9]\" value=\"\"  placeholder=\"Geben Sie hier Ihre Telefonnummer ein\" data-reqmsg=\"Rufnummer  kann nicht leer sein.\" aria-required=\"true\" data-invmsg=\"Rufnummer  ist ung\u00fcltig\" aria-invalid=\"false\"   \/>\r\n\t\r\n\t\r\n<\/div>\n<div id=\"frm_field_13_container\" class=\"frm_form_field form-field  frm_required_field frm_top_container horizontal_radio\">\r\n\t<div  id=\"field_7yvld_label\" class=\"frm_primary_label\">Interessiert an  \r\n\t\t<span class=\"frm_required\" aria-hidden=\"true\">*<\/span>\r\n\t<\/div>\r\n\t<div class=\"frm_opt_container\" aria-labelledby=\"field_7yvld_label\" role=\"group\">\t\t<div class=\"frm_checkbox\" id=\"frm_checkbox_13-0\">\t\t\t<label  for=\"field_7yvld-0\">\n\t\t\t<input type=\"checkbox\" name=\"item_meta[13][]\" id=\"field_7yvld-0\" value=\"Porthos\"  data-reqmsg=\"Interessiert an    kann nicht leer sein.\" data-invmsg=\"Interessiert an    ist ung\u00fcltig\"   aria-required=\"true\"  \/> Porthos<\/label><\/div>\n\t\t<div class=\"frm_checkbox\" id=\"frm_checkbox_13-1\">\t\t\t<label  for=\"field_7yvld-1\">\n\t\t\t<input type=\"checkbox\" name=\"item_meta[13][]\" id=\"field_7yvld-1\" value=\"Constance\"  data-reqmsg=\"Interessiert an    kann nicht leer sein.\" data-invmsg=\"Interessiert an    ist ung\u00fcltig\"   \/> Constance<\/label><\/div>\n\t\t<div class=\"frm_checkbox\" id=\"frm_checkbox_13-2\">\t\t\t<label  for=\"field_7yvld-2\">\n\t\t\t<input type=\"checkbox\" name=\"item_meta[13][]\" id=\"field_7yvld-2\" value=\"D&#039;Artagnan\"  data-reqmsg=\"Interessiert an    kann nicht leer sein.\" data-invmsg=\"Interessiert an    ist ung\u00fcltig\"   \/> D'Artagnan<\/label><\/div>\n<\/div>\r\n\t\r\n\t\r\n<\/div>\n<div id=\"frm_field_11_container\" class=\"frm_form_field form-field  frm_top_container\">\r\n\t<label for=\"field_s8dyd\" id=\"field_s8dyd_label\" class=\"frm_primary_label\">Wor\u00fcber m\u00f6chten Sie mit uns Kontakt aufnehmen?\r\n\t\t<span class=\"frm_required\" aria-hidden=\"true\"><\/span>\r\n\t<\/label>\r\n\t<textarea name=\"item_meta[11]\" id=\"field_s8dyd\" rows=\"5\"  placeholder=\"Stellen Sie Ihre Frage hier...\" data-invmsg=\"Wor\u00fcber m\u00f6chten Sie mit uns Kontakt aufnehmen?  ist ung\u00fcltig\" aria-invalid=\"false\"  ><\/textarea>\r\n\t\r\n\t\r\n<\/div>\n<div id=\"frm_field_55_container\" class=\"frm_form_field form-field  frm_none_container\">\r\n\t<label for=\"g-recaptcha-response\" id=\"field_1uczc_label\" class=\"frm_primary_label\">Captcha\r\n\t\t<span class=\"frm_required\" aria-hidden=\"true\"><\/span>\r\n\t<\/label>\r\n\t<div  id=\"field_1uczc\" class=\"frm-g-recaptcha\" data-sitekey=\"6LcFcOQqAAAAAGrRlW4Nw8Q5dyqlx449cLAfeEZY\" data-size=\"invisible\" data-theme=\"light\"><\/div>\r\n\t\r\n\t\r\n<\/div>\n<div id=\"frm_field_58_container\" class=\"frm_form_field  frm_html_container form-field\">\n<p>Diese Website ist durch reCAPTCHA gesch\u00fctzt und es gelten die <a href=\"https:\/\/policies.google.com\/privacy\" target=\"_blank\" rel=\"noopener\">Datenschutzbestimmungen<\/a> und <a href=\"https:\/\/policies.google.com\/terms\" target=\"_blank\" rel=\"noopener\">Nutzungsbedingungen<\/a> von Google.<\/p>\n<\/div>\n<div id=\"frm_field_6_container\" class=\"frm_form_field form-field  frm12 frm_first\">\r\n\t<div class=\"frm_submit frm_flex\">\r\n<button class=\"frm_button_submit frm_final_submit\" type=\"submit\"  >Formular absenden<\/button>\r\n\r\n\r\n\r\n<\/div>\r\n<\/div>\n\t<input type=\"hidden\" name=\"item_key\" value=\"\" \/>\n\t<input name=\"frm_state\" type=\"hidden\" value=\"ZQHwE7RjfmMbPI5GQ5EjOE8HVAi1LQO+0TrgN\/WiVcE=\" \/><\/div>\n<\/fieldset>\n<\/div>\n\n<\/form>\n<\/div>\n[\/et_pb_code][\/et_pb_column][\/et_pb_row][\/et_pb_section]<\/p>\n","protected":false},"excerpt":{"rendered":"<p>Kontakt?Sind Sie interessiert oder haben Sie eine Frage zu einer Villa? Kontaktieren Sie uns und wir werden Ihnen so schnell wie m\u00f6glich helfen. Rufen Sie uns an oder schicken Sie uns eine Whatsapp! +31 (0)6 2945 3181+33 (0)6 8000 4666 <div class=\"frm_forms  with_frm_style frm_style_golf-de-gascogne\" id=\"frm_form_2_container\" data-token=\"f89635da3e9754678ac684e6f9df8a25\" data-token=\"f89635da3e9754678ac684e6f9df8a25\">\n<form enctype=\"multipart\/form-data\" method=\"post\" class=\"frm-show-form  frm_ajax_submit  frm_pro_form \" id=\"form_contactformulier\" data-token=\"f89635da3e9754678ac684e6f9df8a25\" data-token=\"f89635da3e9754678ac684e6f9df8a25\">\n<div class=\"frm_form_fields \">\n<fieldset>\n<legend class=\"frm_screen_reader\">Kontakt-Formular<\/legend>\r\n\r\n<div class=\"frm_fields_container\">\n<input type=\"hidden\" name=\"frm_action\" value=\"create\" \/>\n<input type=\"hidden\" name=\"form_id\" value=\"2\" \/>\n<input type=\"hidden\" name=\"frm_hide_fields_2\" id=\"frm_hide_fields_2\" value=\"\" \/>\n<input type=\"hidden\" name=\"form_key\" value=\"contactformulier\" \/>\n<input type=\"hidden\" name=\"item_meta[0]\" value=\"\" \/>\n<input type=\"hidden\" id=\"frm_submit_entry_2\" name=\"frm_submit_entry_2\" value=\"ff11609d8d\" \/><input type=\"hidden\" name=\"_wp_http_referer\" value=\"\/de\/wp-json\/wp\/v2\/pages\/1182\" \/>\t\t<input  type=\"hidden\" name=\"item_meta[66]\" id=\"field_6x8zt\" value=\"de\"  data-frmval=\"de\"   \/>\n\t\t<div id=\"frm_field_8_container\" class=\"frm_form_field form-field  frm_required_field frm_top_container\">\r\n\t<label for=\"field_70pil\" id=\"field_70pil_label\" class=\"frm_primary_label\">Wie ist Ihr Name?  \r\n\t\t<span class=\"frm_required\" aria-hidden=\"true\">*<\/span>\r\n\t<\/label>\r\n\t<input  type=\"text\" id=\"field_70pil\" name=\"item_meta[8]\" value=\"\"  placeholder=\"Geben Sie hier Ihren Namen ein\" data-reqmsg=\"Wie ist Ihr Name?    kann nicht leer sein.\" aria-required=\"true\" data-invmsg=\"Wie ist Ihr Name?    ist ung\u00fcltig\" aria-invalid=\"false\"   \/>\r\n\t\r\n\t\r\n<\/div>\n<div id=\"frm_field_10_container\" class=\"frm_form_field form-field  frm_required_field frm_top_container\">\r\n\t<label for=\"field_v2lvo\" id=\"field_v2lvo_label\" class=\"frm_primary_label\">E-Mail\r\n\t\t<span class=\"frm_required\" aria-hidden=\"true\">*<\/span>\r\n\t<\/label>\r\n\t<input  type=\"text\" id=\"field_v2lvo\" name=\"item_meta[10]\" value=\"\"  placeholder=\"beispiel@mail.de\" data-reqmsg=\"E-Mail  kann nicht leer sein.\" aria-required=\"true\" data-invmsg=\"E-Mail  ist ung\u00fcltig\" aria-invalid=\"false\"   \/>\r\n\t\r\n\t\r\n<\/div>\n<div id=\"frm_field_9_container\" class=\"frm_form_field form-field  frm_required_field frm_top_container\">\r\n\t<label for=\"field_u40w3\" id=\"field_u40w3_label\" class=\"frm_primary_label\">Rufnummer\r\n\t\t<span class=\"frm_required\" aria-hidden=\"true\">*<\/span>\r\n\t<\/label>\r\n\t<input  type=\"text\" id=\"field_u40w3\" name=\"item_meta[9]\" value=\"\"  placeholder=\"Geben Sie hier Ihre Telefonnummer ein\" data-reqmsg=\"Rufnummer  kann nicht leer sein.\" aria-required=\"true\" data-invmsg=\"Rufnummer  ist ung\u00fcltig\" aria-invalid=\"false\"   \/>\r\n\t\r\n\t\r\n<\/div>\n<div id=\"frm_field_13_container\" class=\"frm_form_field form-field  frm_required_field frm_top_container horizontal_radio\">\r\n\t<div  id=\"field_7yvld_label\" class=\"frm_primary_label\">Interessiert an  \r\n\t\t<span class=\"frm_required\" aria-hidden=\"true\">*<\/span>\r\n\t<\/div>\r\n\t<div class=\"frm_opt_container\" aria-labelledby=\"field_7yvld_label\" role=\"group\">\t\t<div class=\"frm_checkbox\" id=\"frm_checkbox_13-0\">\t\t\t<label  for=\"field_7yvld-0\">\n\t\t\t<input type=\"checkbox\" name=\"item_meta[13][]\" id=\"field_7yvld-0\" value=\"Porthos\"  data-reqmsg=\"Interessiert an    kann nicht leer sein.\" data-invmsg=\"Interessiert an    ist ung\u00fcltig\"   aria-required=\"true\"  \/> Porthos<\/label><\/div>\n\t\t<div class=\"frm_checkbox\" id=\"frm_checkbox_13-1\">\t\t\t<label  for=\"field_7yvld-1\">\n\t\t\t<input type=\"checkbox\" name=\"item_meta[13][]\" id=\"field_7yvld-1\" value=\"Constance\"  data-reqmsg=\"Interessiert an    kann nicht leer sein.\" data-invmsg=\"Interessiert an    ist ung\u00fcltig\"   \/> Constance<\/label><\/div>\n\t\t<div class=\"frm_checkbox\" id=\"frm_checkbox_13-2\">\t\t\t<label  for=\"field_7yvld-2\">\n\t\t\t<input type=\"checkbox\" name=\"item_meta[13][]\" id=\"field_7yvld-2\" value=\"D&#039;Artagnan\"  data-reqmsg=\"Interessiert an    kann nicht leer sein.\" data-invmsg=\"Interessiert an    ist ung\u00fcltig\"   \/> D'Artagnan<\/label><\/div>\n<\/div>\r\n\t\r\n\t\r\n<\/div>\n<div id=\"frm_field_11_container\" class=\"frm_form_field form-field  frm_top_container\">\r\n\t<label for=\"field_s8dyd\" id=\"field_s8dyd_label\" class=\"frm_primary_label\">Wor\u00fcber m\u00f6chten Sie mit uns Kontakt aufnehmen?\r\n\t\t<span class=\"frm_required\" aria-hidden=\"true\"><\/span>\r\n\t<\/label>\r\n\t<textarea name=\"item_meta[11]\" id=\"field_s8dyd\" rows=\"5\"  placeholder=\"Stellen Sie Ihre Frage hier...\" data-invmsg=\"Wor\u00fcber m\u00f6chten Sie mit uns Kontakt aufnehmen?  ist ung\u00fcltig\" aria-invalid=\"false\"  ><\/textarea>\r\n\t\r\n\t\r\n<\/div>\n<div id=\"frm_field_55_container\" class=\"frm_form_field form-field  frm_none_container\">\r\n\t<label for=\"g-recaptcha-response\" id=\"field_1uczc_label\" class=\"frm_primary_label\">Captcha\r\n\t\t<span class=\"frm_required\" aria-hidden=\"true\"><\/span>\r\n\t<\/label>\r\n\t<div  id=\"field_1uczc\" class=\"frm-g-recaptcha\" data-sitekey=\"6LcFcOQqAAAAAGrRlW4Nw8Q5dyqlx449cLAfeEZY\" data-size=\"invisible\" data-theme=\"light\"><\/div>\r\n\t\r\n\t\r\n<\/div>\n<div id=\"frm_field_58_container\" class=\"frm_form_field  frm_html_container form-field\">\n<p>Diese Website ist durch reCAPTCHA gesch\u00fctzt und es gelten die <a href=\"https:\/\/policies.google.com\/privacy\" target=\"_blank\" rel=\"noopener\">Datenschutzbestimmungen<\/a> und <a href=\"https:\/\/policies.google.com\/terms\" target=\"_blank\" rel=\"noopener\">Nutzungsbedingungen<\/a> von Google.<\/p>\n<\/div>\n<div id=\"frm_field_6_container\" class=\"frm_form_field form-field  frm12 frm_first\">\r\n\t<div class=\"frm_submit frm_flex\">\r\n<button class=\"frm_button_submit frm_final_submit\" type=\"submit\"  >Formular absenden<\/button>\r\n\r\n\r\n\r\n<\/div>\r\n<\/div>\n\t<input type=\"hidden\" name=\"item_key\" value=\"\" \/>\n\t<input name=\"frm_state\" type=\"hidden\" value=\"ZQHwE7RjfmMbPI5GQ5EjOE8HVAi1LQO+0TrgN\/WiVcE=\" \/><\/div>\n<\/fieldset>\n<\/div>\n\n<\/form>\n<\/div>\n<\/p>\n","protected":false},"author":1,"featured_media":0,"parent":0,"menu_order":0,"comment_status":"closed","ping_status":"closed","template":"","meta":{"_et_pb_use_builder":"on","_et_pb_old_content":"","_et_gb_content_width":"","footnotes":""},"class_list":["post-1182","page","type-page","status-publish","hentry"],"yoast_head":"<!-- This site is optimized with the Yoast SEO plugin v27.4 - https:\/\/yoast.com\/product\/yoast-seo-wordpress\/ -->\n<title>Kontakt | Villaresort Golf de Gascogne<\/title>\n<meta name=\"description\" content=\"Sind Sie interessiert oder haben Sie eine Frage zu einer Villa? Kontaktieren Sie uns und wir werden Ihnen so schnell wie m\u00f6glich helfen.\" \/>\n<meta name=\"robots\" content=\"index, follow, max-snippet:-1, max-image-preview:large, max-video-preview:-1\" \/>\n<link rel=\"canonical\" href=\"https:\/\/golfdegascogne.nl\/de\/kontakt\/\" \/>\n<meta property=\"og:locale\" content=\"de_DE\" \/>\n<meta property=\"og:type\" content=\"article\" \/>\n<meta property=\"og:title\" content=\"Kontakt | Villaresort Golf de Gascogne\" \/>\n<meta property=\"og:description\" content=\"Sind Sie interessiert oder haben Sie eine Frage zu einer Villa? Kontaktieren Sie uns und wir werden Ihnen so schnell wie m\u00f6glich helfen.\" \/>\n<meta property=\"og:url\" content=\"https:\/\/golfdegascogne.nl\/de\/kontakt\/\" \/>\n<meta property=\"og:site_name\" content=\"Villaresort Golf de Gascogne\" \/>\n<meta property=\"article:modified_time\" content=\"2026-01-13T11:00:34+00:00\" \/>\n<meta property=\"og:image\" content=\"https:\/\/golfdegascogne.nl\/wp-content\/uploads\/2025\/03\/OpenGraph-GdG.jpg\" \/>\n\t<meta property=\"og:image:width\" content=\"1200\" \/>\n\t<meta property=\"og:image:height\" content=\"630\" \/>\n\t<meta property=\"og:image:type\" content=\"image\/jpeg\" \/>\n<meta name=\"twitter:card\" content=\"summary_large_image\" \/>\n<meta name=\"twitter:label1\" content=\"Gesch\u00e4tzte Lesezeit\" \/>\n\t<meta name=\"twitter:data1\" content=\"2\u00a0Minuten\" \/>\n<script type=\"application\/ld+json\" class=\"yoast-schema-graph\">{\"@context\":\"https:\\\/\\\/schema.org\",\"@graph\":[{\"@type\":\"WebPage\",\"@id\":\"https:\\\/\\\/golfdegascogne.nl\\\/de\\\/kontakt\\\/\",\"url\":\"https:\\\/\\\/golfdegascogne.nl\\\/de\\\/kontakt\\\/\",\"name\":\"Kontakt | Villaresort Golf de Gascogne\",\"isPartOf\":{\"@id\":\"https:\\\/\\\/golfdegascogne.nl\\\/de\\\/#website\"},\"datePublished\":\"2025-03-04T08:53:04+00:00\",\"dateModified\":\"2026-01-13T11:00:34+00:00\",\"description\":\"Sind Sie interessiert oder haben Sie eine Frage zu einer Villa? Kontaktieren Sie uns und wir werden Ihnen so schnell wie m\u00f6glich helfen.\",\"breadcrumb\":{\"@id\":\"https:\\\/\\\/golfdegascogne.nl\\\/de\\\/kontakt\\\/#breadcrumb\"},\"inLanguage\":\"de\",\"potentialAction\":[{\"@type\":\"ReadAction\",\"target\":[\"https:\\\/\\\/golfdegascogne.nl\\\/de\\\/kontakt\\\/\"]}]},{\"@type\":\"BreadcrumbList\",\"@id\":\"https:\\\/\\\/golfdegascogne.nl\\\/de\\\/kontakt\\\/#breadcrumb\",\"itemListElement\":[{\"@type\":\"ListItem\",\"position\":1,\"name\":\"Home\",\"item\":\"https:\\\/\\\/golfdegascogne.nl\\\/de\\\/homepage\\\/\"},{\"@type\":\"ListItem\",\"position\":2,\"name\":\"Kontakt\"}]},{\"@type\":\"WebSite\",\"@id\":\"https:\\\/\\\/golfdegascogne.nl\\\/de\\\/#website\",\"url\":\"https:\\\/\\\/golfdegascogne.nl\\\/de\\\/\",\"name\":\"Villaresort Golf de Gascogne\",\"description\":\"Betaalbaar wonen aan de Franse Golfbaan\",\"publisher\":{\"@id\":\"https:\\\/\\\/golfdegascogne.nl\\\/de\\\/#organization\"},\"potentialAction\":[{\"@type\":\"SearchAction\",\"target\":{\"@type\":\"EntryPoint\",\"urlTemplate\":\"https:\\\/\\\/golfdegascogne.nl\\\/de\\\/?s={search_term_string}\"},\"query-input\":{\"@type\":\"PropertyValueSpecification\",\"valueRequired\":true,\"valueName\":\"search_term_string\"}}],\"inLanguage\":\"de\"},{\"@type\":\"Organization\",\"@id\":\"https:\\\/\\\/golfdegascogne.nl\\\/de\\\/#organization\",\"name\":\"Villaresort Golf de Gascogne\",\"url\":\"https:\\\/\\\/golfdegascogne.nl\\\/de\\\/\",\"logo\":{\"@type\":\"ImageObject\",\"inLanguage\":\"de\",\"@id\":\"https:\\\/\\\/golfdegascogne.nl\\\/de\\\/#\\\/schema\\\/logo\\\/image\\\/\",\"url\":\"https:\\\/\\\/golfdegascogne.nl\\\/wp-content\\\/uploads\\\/2025\\\/03\\\/logo-uniqresort.svg\",\"contentUrl\":\"https:\\\/\\\/golfdegascogne.nl\\\/wp-content\\\/uploads\\\/2025\\\/03\\\/logo-uniqresort.svg\",\"width\":1,\"height\":1,\"caption\":\"Villaresort Golf de Gascogne\"},\"image\":{\"@id\":\"https:\\\/\\\/golfdegascogne.nl\\\/de\\\/#\\\/schema\\\/logo\\\/image\\\/\"}}]}<\/script>\n<!-- \/ Yoast SEO plugin. -->","yoast_head_json":{"title":"Kontakt | Villaresort Golf de Gascogne","description":"Sind Sie interessiert oder haben Sie eine Frage zu einer Villa? Kontaktieren Sie uns und wir werden Ihnen so schnell wie m\u00f6glich helfen.","robots":{"index":"index","follow":"follow","max-snippet":"max-snippet:-1","max-image-preview":"max-image-preview:large","max-video-preview":"max-video-preview:-1"},"canonical":"https:\/\/golfdegascogne.nl\/de\/kontakt\/","og_locale":"de_DE","og_type":"article","og_title":"Kontakt | Villaresort Golf de Gascogne","og_description":"Sind Sie interessiert oder haben Sie eine Frage zu einer Villa? Kontaktieren Sie uns und wir werden Ihnen so schnell wie m\u00f6glich helfen.","og_url":"https:\/\/golfdegascogne.nl\/de\/kontakt\/","og_site_name":"Villaresort Golf de Gascogne","article_modified_time":"2026-01-13T11:00:34+00:00","og_image":[{"width":1200,"height":630,"url":"https:\/\/golfdegascogne.nl\/wp-content\/uploads\/2025\/03\/OpenGraph-GdG.jpg","type":"image\/jpeg"}],"twitter_card":"summary_large_image","twitter_misc":{"Gesch\u00e4tzte Lesezeit":"2\u00a0Minuten"},"schema":{"@context":"https:\/\/schema.org","@graph":[{"@type":"WebPage","@id":"https:\/\/golfdegascogne.nl\/de\/kontakt\/","url":"https:\/\/golfdegascogne.nl\/de\/kontakt\/","name":"Kontakt | Villaresort Golf de Gascogne","isPartOf":{"@id":"https:\/\/golfdegascogne.nl\/de\/#website"},"datePublished":"2025-03-04T08:53:04+00:00","dateModified":"2026-01-13T11:00:34+00:00","description":"Sind Sie interessiert oder haben Sie eine Frage zu einer Villa? Kontaktieren Sie uns und wir werden Ihnen so schnell wie m\u00f6glich helfen.","breadcrumb":{"@id":"https:\/\/golfdegascogne.nl\/de\/kontakt\/#breadcrumb"},"inLanguage":"de","potentialAction":[{"@type":"ReadAction","target":["https:\/\/golfdegascogne.nl\/de\/kontakt\/"]}]},{"@type":"BreadcrumbList","@id":"https:\/\/golfdegascogne.nl\/de\/kontakt\/#breadcrumb","itemListElement":[{"@type":"ListItem","position":1,"name":"Home","item":"https:\/\/golfdegascogne.nl\/de\/homepage\/"},{"@type":"ListItem","position":2,"name":"Kontakt"}]},{"@type":"WebSite","@id":"https:\/\/golfdegascogne.nl\/de\/#website","url":"https:\/\/golfdegascogne.nl\/de\/","name":"Villaresort Golf de Gascogne","description":"Betaalbaar wonen aan de Franse Golfbaan","publisher":{"@id":"https:\/\/golfdegascogne.nl\/de\/#organization"},"potentialAction":[{"@type":"SearchAction","target":{"@type":"EntryPoint","urlTemplate":"https:\/\/golfdegascogne.nl\/de\/?s={search_term_string}"},"query-input":{"@type":"PropertyValueSpecification","valueRequired":true,"valueName":"search_term_string"}}],"inLanguage":"de"},{"@type":"Organization","@id":"https:\/\/golfdegascogne.nl\/de\/#organization","name":"Villaresort Golf de Gascogne","url":"https:\/\/golfdegascogne.nl\/de\/","logo":{"@type":"ImageObject","inLanguage":"de","@id":"https:\/\/golfdegascogne.nl\/de\/#\/schema\/logo\/image\/","url":"https:\/\/golfdegascogne.nl\/wp-content\/uploads\/2025\/03\/logo-uniqresort.svg","contentUrl":"https:\/\/golfdegascogne.nl\/wp-content\/uploads\/2025\/03\/logo-uniqresort.svg","width":1,"height":1,"caption":"Villaresort Golf de Gascogne"},"image":{"@id":"https:\/\/golfdegascogne.nl\/de\/#\/schema\/logo\/image\/"}}]}},"_links":{"self":[{"href":"https:\/\/golfdegascogne.nl\/de\/wp-json\/wp\/v2\/pages\/1182","targetHints":{"allow":["GET"]}}],"collection":[{"href":"https:\/\/golfdegascogne.nl\/de\/wp-json\/wp\/v2\/pages"}],"about":[{"href":"https:\/\/golfdegascogne.nl\/de\/wp-json\/wp\/v2\/types\/page"}],"author":[{"embeddable":true,"href":"https:\/\/golfdegascogne.nl\/de\/wp-json\/wp\/v2\/users\/1"}],"replies":[{"embeddable":true,"href":"https:\/\/golfdegascogne.nl\/de\/wp-json\/wp\/v2\/comments?post=1182"}],"version-history":[{"count":17,"href":"https:\/\/golfdegascogne.nl\/de\/wp-json\/wp\/v2\/pages\/1182\/revisions"}],"predecessor-version":[{"id":2336,"href":"https:\/\/golfdegascogne.nl\/de\/wp-json\/wp\/v2\/pages\/1182\/revisions\/2336"}],"wp:attachment":[{"href":"https:\/\/golfdegascogne.nl\/de\/wp-json\/wp\/v2\/media?parent=1182"}],"curies":[{"name":"wp","href":"https:\/\/api.w.org\/{rel}","templated":true}]}}